{"id":7,"date":"2010-11-13T15:07:44","date_gmt":"2010-11-13T14:07:44","guid":{"rendered":"http:\/\/www.lolloweb.com\/balestrieriassisi\/?page_id=7"},"modified":"2023-10-11T10:48:00","modified_gmt":"2023-10-11T09:48:00","slug":"contatti","status":"publish","type":"page","link":"https:\/\/www.balestrieriassisi.it\/?page_id=7","title":{"rendered":"Contatti"},"content":{"rendered":"\n<figure class=\"wp-block-table\"><table><tbody><tr><td><em> <a href=\"https:\/\/www.balestrieriassisi.it\/?attachment_id=1125#main\" rel=\"attachment wp-att-1125\"><img loading=\"lazy\" decoding=\"async\" class=\"aligncenter size-full wp-image-1125\" src=\"https:\/\/www.balestrieriassisi.it\/wp-content\/uploads\/2023\/05\/stemma.gif\" alt=\"\" width=\"115\" height=\"177\"><\/a><\/em><\/td><td>\n<h5>Uomini garanti della libert\u00e0 comunale di Assisi,<br>con sulle spalle la loro fedele arma: la balestra,<br>strumento di morte\u2026oggi non pi\u00f9.<\/h5>\n<\/td><\/tr><\/tbody><\/table><\/figure>\n\n\n<div class=\"wp-block-image\">\n<figure class=\"aligncenter\"><a href=\"https:\/\/www.balestrieriassisi.it\/?attachment_id=1177#main\" rel=\"attachment wp-att-1177\"><img loading=\"lazy\" decoding=\"async\" width=\"1232\" height=\"816\" src=\"https:\/\/www.balestrieriassisi.it\/wp-content\/uploads\/2023\/05\/509.jpg\" alt=\"\" class=\"wp-image-1177\" srcset=\"https:\/\/www.balestrieriassisi.it\/wp-content\/uploads\/2023\/05\/509.jpg 1232w, https:\/\/www.balestrieriassisi.it\/wp-content\/uploads\/2023\/05\/509-300x199.jpg 300w, https:\/\/www.balestrieriassisi.it\/wp-content\/uploads\/2023\/05\/509-1024x678.jpg 1024w, https:\/\/www.balestrieriassisi.it\/wp-content\/uploads\/2023\/05\/509-768x509.jpg 768w\" sizes=\"auto, (max-width: 1232px) 100vw, 1232px\" \/><\/a><\/figure>\n<\/div>\n\n\n<p class=\"has-text-align-center\"><\/p>\n\n\n\n<p>Affinch\u00e9 il nostro spettacolo possa raggiungere la vostra citt\u00e0, questi sono i nostri riferimenti:<\/p>\n\n\n\n<p><em><strong>Compagnia Balestrieri di Assisi<br><\/strong>Presso Torre Civica Piazza del Comune<br>06081 Assisi<\/em><\/p>\n\n\n\n<p><em><br>Cell. Presidente 333.9367606<br>e-mail: <a href=\"mailto:info@balestrieriassisi.it\">info@balestrieriassisi.it<\/a><\/em> &#8211; pec: <a href=\"mailto:balestrieriassisi@pec.it\">balestrieriassisi@pec.it<\/a><\/p>\n","protected":false},"excerpt":{"rendered":"<p>Uomini garanti della libert\u00e0 comunale di Assisi,con sulle spalle la loro fedele arma: la balestra,strumento di morte\u2026oggi non pi\u00f9. Affinch\u00e9 il nostro spettacolo possa raggiungere la vostra citt\u00e0, questi sono i nostri riferimenti: Compagnia Balestrieri di AssisiPresso Torre Civica Piazza del Comune06081 Assisi Cell. Presidente 333.9367606e-mail: info@balestrieriassisi.it &#8211; pec: balestrieriassisi@pec.it<\/p>\n","protected":false},"author":1,"featured_media":0,"parent":0,"menu_order":5,"comment_status":"open","ping_status":"closed","template":"","meta":{"ngg_post_thumbnail":0,"footnotes":""},"class_list":["post-7","page","type-page","status-publish"],"_links":{"self":[{"href":"https:\/\/www.balestrieriassisi.it\/index.php?rest_route=\/wp\/v2\/pages\/7","targetHints":{"allow":["GET"]}}],"collection":[{"href":"https:\/\/www.balestrieriassisi.it\/index.php?rest_route=\/wp\/v2\/pages"}],"about":[{"href":"https:\/\/www.balestrieriassisi.it\/index.php?rest_route=\/wp\/v2\/types\/page"}],"author":[{"embeddable":true,"href":"https:\/\/www.balestrieriassisi.it\/index.php?rest_route=\/wp\/v2\/users\/1"}],"replies":[{"embeddable":true,"href":"https:\/\/www.balestrieriassisi.it\/index.php?rest_route=%2Fwp%2Fv2%2Fcomments&post=7"}],"version-history":[{"count":12,"href":"https:\/\/www.balestrieriassisi.it\/index.php?rest_route=\/wp\/v2\/pages\/7\/revisions"}],"predecessor-version":[{"id":1947,"href":"https:\/\/www.balestrieriassisi.it\/index.php?rest_route=\/wp\/v2\/pages\/7\/revisions\/1947"}],"wp:attachment":[{"href":"https:\/\/www.balestrieriassisi.it\/index.php?rest_route=%2Fwp%2Fv2%2Fmedia&parent=7"}],"curies":[{"name":"wp","href":"https:\/\/api.w.org\/{rel}","templated":true}]}}