{"id":56,"date":"2010-11-14T23:43:35","date_gmt":"2010-11-14T22:43:35","guid":{"rendered":"http:\/\/www.lolloweb.com\/balestrieriassisi\/?page_id=56"},"modified":"2023-05-26T09:24:20","modified_gmt":"2023-05-26T08:24:20","slug":"spettacoli","status":"publish","type":"page","link":"https:\/\/www.balestrieriassisi.it\/?page_id=56","title":{"rendered":"Attivit\u00e0"},"content":{"rendered":"\n<p>Da molti anni la <em><strong><span style=\"color: #993300;\">Compagnia Balestrieri di Assisi<\/span><\/strong><\/em> porta il suo medioevo sia in Italia che all\u2019estero esibendosi in spettacoli rievocativi.<br>Il Gruppo, forte di 150 figuranti circa, \u00e8 capace di spettacoli (45-50 persone) della durata di due ore. Pu\u00f2 offrire anche spettacoli parziali.<\/p>\n\n\n<div class=\"wp-block-image\">\n<figure class=\"alignleft\"><a href=\"https:\/\/www.balestrieriassisi.it\/?attachment_id=1174#main\" rel=\"attachment wp-att-1174\"><img loading=\"lazy\" decoding=\"async\" width=\"1024\" height=\"683\" src=\"https:\/\/www.balestrieriassisi.it\/wp-content\/uploads\/2023\/05\/IMG_0576-1024x683.jpg\" alt=\"\" class=\"wp-image-1174\" srcset=\"https:\/\/www.balestrieriassisi.it\/wp-content\/uploads\/2023\/05\/IMG_0576-1024x683.jpg 1024w, https:\/\/www.balestrieriassisi.it\/wp-content\/uploads\/2023\/05\/IMG_0576-300x200.jpg 300w, https:\/\/www.balestrieriassisi.it\/wp-content\/uploads\/2023\/05\/IMG_0576-768x512.jpg 768w, https:\/\/www.balestrieriassisi.it\/wp-content\/uploads\/2023\/05\/IMG_0576-1536x1024.jpg 1536w, https:\/\/www.balestrieriassisi.it\/wp-content\/uploads\/2023\/05\/IMG_0576-2048x1365.jpg 2048w\" sizes=\"auto, (max-width: 1024px) 100vw, 1024px\" \/><\/a><\/figure>\n<\/div>\n\n\n<p class=\"has-text-align-center\"><\/p>\n\n\n\n<p>Fanno parte del nostro Corteo Storico <strong><em><a title=\"Balestrieri di Assisi\" href=\"https:\/\/www.balestrieriassisi.it\/?page_id=79\">Balestrieri<\/a><\/em><\/strong>, <strong><em>Arcieri<\/em><\/strong>, <strong><em><a title=\"Tamburini\" href=\"https:\/\/www.balestrieriassisi.it\/?page_id=86\">Tamburini<\/a><\/em><\/strong>, <strong><em><a title=\"Sbandieratori\" href=\"https:\/\/www.balestrieriassisi.it\/?page_id=84\">Sbandieratori<\/a><\/em><\/strong>, <a title=\"Musici\" href=\"https:\/\/www.balestrieriassisi.it\/?page_id=90\"><strong><em>Musici<\/em><\/strong> <\/a>(strumenti e voci), <em><strong><a title=\"Gruppo Fuoco\" href=\"https:\/\/www.balestrieriassisi.it\/?page_id=88\">Giochi di fuoco e danza delle spade infuocate<\/a><\/strong><\/em>.<\/p>\n\n\n\n<figure class=\"wp-block-gallery has-nested-images columns-default is-cropped wp-block-gallery-1 is-layout-flex wp-block-gallery-is-layout-flex\">\n<figure class=\"wp-block-image size-large\"><img loading=\"lazy\" decoding=\"async\" width=\"1024\" height=\"704\" data-id=\"1228\" src=\"https:\/\/www.balestrieriassisi.it\/wp-content\/uploads\/2023\/05\/IMG_0196-1024x704.jpg\" alt=\"\" class=\"wp-image-1228\" srcset=\"https:\/\/www.balestrieriassisi.it\/wp-content\/uploads\/2023\/05\/IMG_0196-1024x704.jpg 1024w, https:\/\/www.balestrieriassisi.it\/wp-content\/uploads\/2023\/05\/IMG_0196-300x206.jpg 300w, https:\/\/www.balestrieriassisi.it\/wp-content\/uploads\/2023\/05\/IMG_0196-768x528.jpg 768w, https:\/\/www.balestrieriassisi.it\/wp-content\/uploads\/2023\/05\/IMG_0196-1536x1057.jpg 1536w, https:\/\/www.balestrieriassisi.it\/wp-content\/uploads\/2023\/05\/IMG_0196-2048x1409.jpg 2048w\" sizes=\"auto, (max-width: 1024px) 100vw, 1024px\" \/><\/figure>\n\n\n\n<figure class=\"wp-block-image size-large\"><img loading=\"lazy\" decoding=\"async\" width=\"1024\" height=\"698\" data-id=\"1211\" src=\"https:\/\/www.balestrieriassisi.it\/wp-content\/uploads\/2023\/05\/IMG_0326-1024x698.jpg\" alt=\"\" class=\"wp-image-1211\" srcset=\"https:\/\/www.balestrieriassisi.it\/wp-content\/uploads\/2023\/05\/IMG_0326-1024x698.jpg 1024w, https:\/\/www.balestrieriassisi.it\/wp-content\/uploads\/2023\/05\/IMG_0326-300x205.jpg 300w, https:\/\/www.balestrieriassisi.it\/wp-content\/uploads\/2023\/05\/IMG_0326-768x524.jpg 768w, https:\/\/www.balestrieriassisi.it\/wp-content\/uploads\/2023\/05\/IMG_0326-1536x1047.jpg 1536w, https:\/\/www.balestrieriassisi.it\/wp-content\/uploads\/2023\/05\/IMG_0326-2048x1397.jpg 2048w\" sizes=\"auto, (max-width: 1024px) 100vw, 1024px\" \/><\/figure>\n\n\n\n<figure class=\"wp-block-image size-large\"><img loading=\"lazy\" decoding=\"async\" width=\"1024\" height=\"686\" data-id=\"1206\" src=\"https:\/\/www.balestrieriassisi.it\/wp-content\/uploads\/2023\/05\/IMG_1020-1024x686.jpg\" alt=\"\" class=\"wp-image-1206\" srcset=\"https:\/\/www.balestrieriassisi.it\/wp-content\/uploads\/2023\/05\/IMG_1020-1024x686.jpg 1024w, https:\/\/www.balestrieriassisi.it\/wp-content\/uploads\/2023\/05\/IMG_1020-300x201.jpg 300w, https:\/\/www.balestrieriassisi.it\/wp-content\/uploads\/2023\/05\/IMG_1020-768x514.jpg 768w, https:\/\/www.balestrieriassisi.it\/wp-content\/uploads\/2023\/05\/IMG_1020-1536x1028.jpg 1536w, https:\/\/www.balestrieriassisi.it\/wp-content\/uploads\/2023\/05\/IMG_1020-2048x1371.jpg 2048w\" sizes=\"auto, (max-width: 1024px) 100vw, 1024px\" \/><\/figure>\n\n\n\n<figure class=\"wp-block-image size-large\"><img loading=\"lazy\" decoding=\"async\" width=\"1024\" height=\"683\" data-id=\"1230\" src=\"https:\/\/www.balestrieriassisi.it\/wp-content\/uploads\/2023\/05\/IMG_0232-1024x683.jpg\" alt=\"\" class=\"wp-image-1230\" srcset=\"https:\/\/www.balestrieriassisi.it\/wp-content\/uploads\/2023\/05\/IMG_0232-1024x683.jpg 1024w, https:\/\/www.balestrieriassisi.it\/wp-content\/uploads\/2023\/05\/IMG_0232-300x200.jpg 300w, https:\/\/www.balestrieriassisi.it\/wp-content\/uploads\/2023\/05\/IMG_0232-768x512.jpg 768w, https:\/\/www.balestrieriassisi.it\/wp-content\/uploads\/2023\/05\/IMG_0232-1536x1024.jpg 1536w, https:\/\/www.balestrieriassisi.it\/wp-content\/uploads\/2023\/05\/IMG_0232-2048x1365.jpg 2048w\" sizes=\"auto, (max-width: 1024px) 100vw, 1024px\" \/><\/figure>\n\n\n\n<figure class=\"wp-block-image size-large\"><img loading=\"lazy\" decoding=\"async\" width=\"1024\" height=\"683\" data-id=\"1220\" src=\"https:\/\/www.balestrieriassisi.it\/wp-content\/uploads\/2023\/05\/83-1024x683.jpg\" alt=\"\" class=\"wp-image-1220\" srcset=\"https:\/\/www.balestrieriassisi.it\/wp-content\/uploads\/2023\/05\/83-1024x683.jpg 1024w, https:\/\/www.balestrieriassisi.it\/wp-content\/uploads\/2023\/05\/83-300x200.jpg 300w, https:\/\/www.balestrieriassisi.it\/wp-content\/uploads\/2023\/05\/83-768x512.jpg 768w, https:\/\/www.balestrieriassisi.it\/wp-content\/uploads\/2023\/05\/83-1536x1024.jpg 1536w, https:\/\/www.balestrieriassisi.it\/wp-content\/uploads\/2023\/05\/83-2048x1365.jpg 2048w\" sizes=\"auto, (max-width: 1024px) 100vw, 1024px\" \/><\/figure>\n\n\n\n<figure class=\"wp-block-image size-large\"><img loading=\"lazy\" decoding=\"async\" width=\"1024\" height=\"683\" data-id=\"1219\" src=\"https:\/\/www.balestrieriassisi.it\/wp-content\/uploads\/2023\/05\/79-1024x683.jpg\" alt=\"\" class=\"wp-image-1219\" srcset=\"https:\/\/www.balestrieriassisi.it\/wp-content\/uploads\/2023\/05\/79-1024x683.jpg 1024w, https:\/\/www.balestrieriassisi.it\/wp-content\/uploads\/2023\/05\/79-300x200.jpg 300w, https:\/\/www.balestrieriassisi.it\/wp-content\/uploads\/2023\/05\/79-768x512.jpg 768w, https:\/\/www.balestrieriassisi.it\/wp-content\/uploads\/2023\/05\/79-1536x1024.jpg 1536w, https:\/\/www.balestrieriassisi.it\/wp-content\/uploads\/2023\/05\/79-2048x1365.jpg 2048w\" sizes=\"auto, (max-width: 1024px) 100vw, 1024px\" \/><\/figure>\n<\/figure>\n\n\n\n<p><\/p>\n\n\n\n<hr class=\"wp-block-separator has-alpha-channel-opacity\"\/>\n\n\n\n<div class=\"wp-block-media-text alignwide is-stacked-on-mobile is-vertically-aligned-center\" style=\"grid-template-columns:32% auto\"><figure class=\"wp-block-media-text__media\"><img loading=\"lazy\" decoding=\"async\" width=\"768\" height=\"1024\" src=\"https:\/\/www.balestrieriassisi.it\/wp-content\/uploads\/2023\/05\/Conio081-768x1024.jpg\" alt=\"\" class=\"wp-image-1294 size-full\" srcset=\"https:\/\/www.balestrieriassisi.it\/wp-content\/uploads\/2023\/05\/Conio081-768x1024.jpg 768w, https:\/\/www.balestrieriassisi.it\/wp-content\/uploads\/2023\/05\/Conio081-225x300.jpg 225w, https:\/\/www.balestrieriassisi.it\/wp-content\/uploads\/2023\/05\/Conio081-1152x1536.jpg 1152w, https:\/\/www.balestrieriassisi.it\/wp-content\/uploads\/2023\/05\/Conio081.jpg 1200w\" sizes=\"auto, (max-width: 768px) 100vw, 768px\" \/><\/figure><div class=\"wp-block-media-text__content\">\n<p>Abbiamo un \u201c<strong><em><a href=\"https:\/\/www.balestrieriassisi.it\/?page_id=92\">Ceppo<\/a><\/em><\/strong>\u201d per <em>coniare moneta<\/em>, i cui \u201cconii\u201d sono stati costruiti dall\u2019Istituto Poligrafico e Zecca dello Stato nel 1998.<\/p>\n<\/div><\/div>\n\n\n\n<hr class=\"wp-block-separator has-alpha-channel-opacity\"\/>\n\n\n\n<div class=\"wp-block-media-text alignwide is-stacked-on-mobile\" style=\"grid-template-columns:32% auto\"><figure class=\"wp-block-media-text__media\"><img loading=\"lazy\" decoding=\"async\" width=\"1024\" height=\"768\" src=\"https:\/\/www.balestrieriassisi.it\/wp-content\/uploads\/2023\/05\/Conio-Stampa10-1024x768.jpg\" alt=\"\" class=\"wp-image-1312 size-full\" srcset=\"https:\/\/www.balestrieriassisi.it\/wp-content\/uploads\/2023\/05\/Conio-Stampa10-1024x768.jpg 1024w, https:\/\/www.balestrieriassisi.it\/wp-content\/uploads\/2023\/05\/Conio-Stampa10-300x225.jpg 300w, https:\/\/www.balestrieriassisi.it\/wp-content\/uploads\/2023\/05\/Conio-Stampa10-768x576.jpg 768w, https:\/\/www.balestrieriassisi.it\/wp-content\/uploads\/2023\/05\/Conio-Stampa10-1536x1152.jpg 1536w, https:\/\/www.balestrieriassisi.it\/wp-content\/uploads\/2023\/05\/Conio-Stampa10.jpg 1600w\" sizes=\"auto, (max-width: 1024px) 100vw, 1024px\" \/><\/figure><div class=\"wp-block-media-text__content\">\n<p>Abbiamo un \u201c<strong><em><a href=\"https:\/\/www.balestrieriassisi.it\/?page_id=94\">Torchio<\/a><\/em><\/strong>\u201d per riproduzioni di qualsiasi tipo di stampe.<\/p>\n<\/div><\/div>\n\n\n\n<hr class=\"wp-block-separator has-alpha-channel-opacity\"\/>\n\n\n\n<p>Siamo capaci di <em><strong>ricostruire mercati<\/strong><\/em>, ambienti, locali e qualsiasi cosa alla bisogna. Una nostra ricostruzione con relativo spettacolo, fatta in Albisola Superiore nel 2001, ha vinto, a San Remo, il premio quale migliore manifestazione della Liguria.<\/p>\n\n\n\n<p>Dal 1980 abbiamo portato il nome di Assisi in pi\u00f9 di 400 citt\u00e0. Ovunque siamo stati chiamati dovunque abbiamo riscosso unanimi consensi per la seriet\u00e0 ed il rigore storico che ci distingue. Ci piace ricordare il <em>Columbus Day<\/em> a New York, i festeggiamenti per il <em>compleanno di Ranieri di Monaco<\/em>, il <em>compleanno del Maestro Menotti a Spoleto<\/em>, il Bit sul Turismo a Colonia ed a Milano, la Fiera d\u2019Oltremare a Napoli, Il Festival del Mandorlo in fiore ad Agrigento, il Palio delle Chiavi a Lucera, Trento, Menton, Arles sur Tech, Saint\u2019Etienne, Lyon, Brest, Carcassonne, Digione, Colonia, Seattle, Cagne sur M\u00e9r.<\/p>\n\n\n\n<p class=\"has-text-align-center\"><\/p>\n","protected":false},"excerpt":{"rendered":"<p>Da molti anni la Compagnia Balestrieri di Assisi porta il suo medioevo sia in Italia che all\u2019estero esibendosi in spettacoli rievocativi.Il Gruppo, forte di 150 figuranti circa, \u00e8 capace di spettacoli (45-50 persone) della durata di due ore. Pu\u00f2 offrire anche spettacoli parziali. Fanno parte del nostro Corteo Storico Balestrieri, Arcieri, Tamburini, Sbandieratori, Musici (strumenti &#8230; <a title=\"Attivit\u00e0\" class=\"read-more\" href=\"https:\/\/www.balestrieriassisi.it\/?page_id=56\" aria-label=\"Per saperne di pi\u00f9 su Attivit\u00e0\">Leggi tutto<\/a><\/p>\n","protected":false},"author":1,"featured_media":0,"parent":0,"menu_order":2,"comment_status":"open","ping_status":"closed","template":"","meta":{"ngg_post_thumbnail":0,"footnotes":""},"class_list":["post-56","page","type-page","status-publish"],"_links":{"self":[{"href":"https:\/\/www.balestrieriassisi.it\/index.php?rest_route=\/wp\/v2\/pages\/56","targetHints":{"allow":["GET"]}}],"collection":[{"href":"https:\/\/www.balestrieriassisi.it\/index.php?rest_route=\/wp\/v2\/pages"}],"about":[{"href":"https:\/\/www.balestrieriassisi.it\/index.php?rest_route=\/wp\/v2\/types\/page"}],"author":[{"embeddable":true,"href":"https:\/\/www.balestrieriassisi.it\/index.php?rest_route=\/wp\/v2\/users\/1"}],"replies":[{"embeddable":true,"href":"https:\/\/www.balestrieriassisi.it\/index.php?rest_route=%2Fwp%2Fv2%2Fcomments&post=56"}],"version-history":[{"count":11,"href":"https:\/\/www.balestrieriassisi.it\/index.php?rest_route=\/wp\/v2\/pages\/56\/revisions"}],"predecessor-version":[{"id":1346,"href":"https:\/\/www.balestrieriassisi.it\/index.php?rest_route=\/wp\/v2\/pages\/56\/revisions\/1346"}],"wp:attachment":[{"href":"https:\/\/www.balestrieriassisi.it\/index.php?rest_route=%2Fwp%2Fv2%2Fmedia&parent=56"}],"curies":[{"name":"wp","href":"https:\/\/api.w.org\/{rel}","templated":true}]}}