{"id":39,"date":"2010-11-14T23:23:14","date_gmt":"2010-11-14T22:23:14","guid":{"rendered":"http:\/\/www.lolloweb.com\/balestrieriassisi\/?page_id=39"},"modified":"2025-12-02T22:43:45","modified_gmt":"2025-12-02T21:43:45","slug":"lanostra-storia","status":"publish","type":"page","link":"https:\/\/www.balestrieriassisi.it\/?page_id=39","title":{"rendered":"La Nostra Storia"},"content":{"rendered":"<p style=\"text-align: justify;\"><a href=\"https:\/\/www.balestrieriassisi.it\/?attachment_id=1125#main\" rel=\"attachment wp-att-1125\"><img loading=\"lazy\" decoding=\"async\" class=\"alignleft wp-image-1125 size-full\" src=\"https:\/\/www.balestrieriassisi.it\/wp-content\/uploads\/2023\/05\/stemma.gif\" alt=\"\" width=\"115\" height=\"177\" \/><\/a>La Compagnia Balestrieri di Assisi nasce il 29 giugno 1980 e riprende l\u2019arte del sagittare che per secoli garant\u00ec la libert\u00e0 comunale della citt\u00e0.<br \/>\nLo stendardo \u00e8 inquartato, ove il guelfo leone di Assisi \u00e8 in campo rosso ed una rosa di verrette e balestre \u00e8 in campo bl\u00f9.<br \/>\nLa tradizione della balestra \u00e8 stata ripresa in occasione di un evento sportivo a scopo ludico, anche se tali gare, nel medioevo, costituivano un incentivo all\u2019esercizio ed al perfezionamento della capacit\u00e0 di tiro.<br \/>\nUn documento in Assisi che ne fa menzione, in tal senso, risale all\u2019anno 1453. Durante la Pentecoste veniva fatta una festa che coinvolgeva tutta la diocesi e si svolgeva in San Rufino in occasione della Prima Comunione ai bambini delle parrocchie. Per l\u2019occasione veniva disputato un \u201cPalio della balestra\u201d ed il vincitore riceveva ricchi premi.<\/p>\n<p style=\"text-align: justify;\">Esistono, per\u00f2, anche altri documenti che parlano delle gare con la balestra in Assisi fin dal 1319.<br \/>\nTale tradizione si disputa oggi l\u2019ultimo venerd\u00ec e sabato di agosto.<br \/>\nDal 1984, in via informale, \u00e8 fondatrice, insieme a Terra del Sole e Pisa, della Lega Italiana di Tiro Alla Balestra (L.I.T.A.B.), poi legalmente costituita nel 1986. Ha partecipato a tutte le edizioni del Campionato Italiano di tiro con la balestra antica da banco vincendo per 8\u00a0volte la gara a squadra e vanta, tra i suoi balestrieri,\u00a07 campioni italiani di tiro singolo.<\/p>\n\n\n<!-- Inizio Codice ShinyStat -->\n<script src=\"\/\/codice.shinystat.com\/cgi-bin\/getcod.cgi?USER=SS-53883509-f8abf\"><\/script>\n<noscript>\n<a href=\"https:\/\/www.shinystat.com\/it\/\" target=\"_top\">\n<img decoding=\"async\" src=\"\/\/www.shinystat.com\/cgi-bin\/shinystat.cgi?USER=SS-53883509-f8abf\" alt=\"Statistiche web\" style=\"border:0px\" \/><\/a>\n<\/noscript>\n<!-- Fine Codice ShinyStat -->\n\n","protected":false},"excerpt":{"rendered":"<p>La Compagnia Balestrieri di Assisi nasce il 29 giugno 1980 e riprende l\u2019arte del sagittare che per secoli garant\u00ec la libert\u00e0 comunale della citt\u00e0. Lo stendardo \u00e8 inquartato, ove il guelfo leone di Assisi \u00e8 in campo rosso ed una rosa di verrette e balestre \u00e8 in campo bl\u00f9. La tradizione della balestra \u00e8 stata &#8230; <a title=\"La Nostra Storia\" class=\"read-more\" href=\"https:\/\/www.balestrieriassisi.it\/?page_id=39\" aria-label=\"Per saperne di pi\u00f9 su La Nostra Storia\">Leggi tutto<\/a><\/p>\n","protected":false},"author":1,"featured_media":0,"parent":4,"menu_order":1,"comment_status":"open","ping_status":"closed","template":"","meta":{"ngg_post_thumbnail":0,"footnotes":""},"class_list":["post-39","page","type-page","status-publish"],"_links":{"self":[{"href":"https:\/\/www.balestrieriassisi.it\/index.php?rest_route=\/wp\/v2\/pages\/39","targetHints":{"allow":["GET"]}}],"collection":[{"href":"https:\/\/www.balestrieriassisi.it\/index.php?rest_route=\/wp\/v2\/pages"}],"about":[{"href":"https:\/\/www.balestrieriassisi.it\/index.php?rest_route=\/wp\/v2\/types\/page"}],"author":[{"embeddable":true,"href":"https:\/\/www.balestrieriassisi.it\/index.php?rest_route=\/wp\/v2\/users\/1"}],"replies":[{"embeddable":true,"href":"https:\/\/www.balestrieriassisi.it\/index.php?rest_route=%2Fwp%2Fv2%2Fcomments&post=39"}],"version-history":[{"count":11,"href":"https:\/\/www.balestrieriassisi.it\/index.php?rest_route=\/wp\/v2\/pages\/39\/revisions"}],"predecessor-version":[{"id":4523,"href":"https:\/\/www.balestrieriassisi.it\/index.php?rest_route=\/wp\/v2\/pages\/39\/revisions\/4523"}],"up":[{"embeddable":true,"href":"https:\/\/www.balestrieriassisi.it\/index.php?rest_route=\/wp\/v2\/pages\/4"}],"wp:attachment":[{"href":"https:\/\/www.balestrieriassisi.it\/index.php?rest_route=%2Fwp%2Fv2%2Fmedia&parent=39"}],"curies":[{"name":"wp","href":"https:\/\/api.w.org\/{rel}","templated":true}]}}