{"id":14,"date":"2010-11-13T15:11:56","date_gmt":"2010-11-13T14:11:56","guid":{"rendered":"http:\/\/www.lolloweb.com\/balestrieriassisi\/?page_id=14"},"modified":"2025-10-26T22:36:11","modified_gmt":"2025-10-26T21:36:11","slug":"palio-di-san-rufino","status":"publish","type":"page","link":"https:\/\/www.balestrieriassisi.it\/?page_id=14","title":{"rendered":"Palio di San Rufino"},"content":{"rendered":"<p style=\"text-align: justify;\"><em><img loading=\"lazy\" decoding=\"async\" class=\"alignleft\" title=\"Palio di San Rufino 2009\" src=\"http:\/\/farm4.static.flickr.com\/3102\/2351022431_157e349f7d_m.jpg\" alt=\"\" width=\"240\" height=\"160\">Gli ultimi gioved\u00ec, venerd\u00ec e sabato di agosto di ogni anno La Compagnia Balestrieri di Assisi festeggia il suo &#8220;Palio di San Rufino&#8221; ed i balestrieri, suddivisi per Terzieri (San Francesco, San Rufino, Santa Maria), si contendono la vittoria. Alla squadra del Terziere vincente va il &#8220;Drappo&#8221; dipinto da un artista nazionale.<\/em><\/p>\n<p style=\"text-align: justify;\">Al balestriere che si afferma nella gara del tiro singolo sul &#8220;corniolo o tasso&#8221; va la balestrina d&#8217;argento, la &#8220;calzabraga&#8221; ed il titolo di campione cittadino per un anno.<br \/>\nLa festa coinvolge tutti i costumanti della Compagnia per cui, in quei giorni, si susseguono mostre, convegni, banchetti medioevali e spettacoli di ogni genere alla luce di torce e fiaccole.<\/p>\n<p style=\"text-align: center;\"><img loading=\"lazy\" decoding=\"async\" src=\"http:\/\/farm3.static.flickr.com\/2302\/2352271296_004d1e031c_m.jpg\" alt=\"\" width=\"240\" height=\"160\" border=\"0\">&nbsp;<img loading=\"lazy\" decoding=\"async\" src=\"http:\/\/farm3.static.flickr.com\/2029\/2352271518_a046cd73c1_m.jpg\" alt=\"\" width=\"240\" height=\"160\" border=\"0\"><\/p>\n<p style=\"text-align: center;\"><img loading=\"lazy\" decoding=\"async\" src=\"http:\/\/farm3.static.flickr.com\/2380\/2351022737_1dbafdcf80_m.jpg\" alt=\"\" width=\"240\" height=\"160\" border=\"0\">&nbsp;<img loading=\"lazy\" decoding=\"async\" src=\"http:\/\/farm3.static.flickr.com\/2233\/2351444181_6b3a43b923_m.jpg\" alt=\"\" width=\"240\" height=\"160\" border=\"0\"><\/p>\n<h1><strong><span style=\"color: #000080;\"><em>Mercatino di San Rufino<\/em><em>&nbsp;<\/em><\/span><\/strong><\/h1>\n<p>Il Mercatino di San Rufino \u00e8 la Rievocazione Storica della Tradizionale fiera cittadina Che si teneva nei giorni della festivit\u00e0 del Patrono di Assisi. Antichi documenti ora conservati nella biblioteca comunale di Citt\u00e0 di Castello, citano questo mercato come un evento significativo per la citt\u00e0 del \u201cPoverello\u201d. Oggi, come allora, la Compagni Balestrieri di Assisi si propone di far rivivere quei momenti attraverso la maestria degli artigiani locali e non.<\/p>\n<p><img loading=\"lazy\" decoding=\"async\" class=\"alignleft\" style=\"border: 0px;\" src=\"http:\/\/farm4.static.flickr.com\/3058\/2713617530_1f65587cb3_m.jpg\" alt=\"Mercatino di San Rufino\" width=\"240\" height=\"160\" align=\"middle\" border=\"0\">&nbsp;&nbsp; <img loading=\"lazy\" decoding=\"async\" class=\"alignleft\" title=\"Palio di San Rufino 2009\" src=\"http:\/\/farm3.static.flickr.com\/2315\/2351852036_084c8622e5_m.jpg\" alt=\"\" width=\"240\" height=\"160\">&nbsp;&nbsp;&nbsp;&nbsp;<strong><img loading=\"lazy\" decoding=\"async\" class=\"alignnone\" title=\"Palio di San Rufino 2009 - Mercatino\" src=\"http:\/\/farm3.static.flickr.com\/2152\/2351022343_35ab2cfcfd_m.jpg\" alt=\"\" width=\"160\" height=\"240\">&nbsp;<\/strong><\/p>\n<p><a href=\"https:\/\/www.balestrieriassisi.it\/?page_id=189\">Programma Palio di San Rufino<\/a><\/p>\n<p><a href=\"https:\/\/www.balestrieriassisi.it\/wp-content\/uploads\/2023\/07\/Regolamento-Mercatino-di-San-Rufino-2023.pdf\">Regolamento mercatino medioevale<\/a><\/p>\n","protected":false},"excerpt":{"rendered":"<p>Gli ultimi gioved\u00ec, venerd\u00ec e sabato di agosto di ogni anno La Compagnia Balestrieri di Assisi festeggia il suo &#8220;Palio di San Rufino&#8221; ed i balestrieri, suddivisi per Terzieri (San Francesco, San Rufino, Santa Maria), si contendono la vittoria. Alla squadra del Terziere vincente va il &#8220;Drappo&#8221; dipinto da un artista nazionale. Al balestriere che &#8230; <a title=\"Palio di San Rufino\" class=\"read-more\" href=\"https:\/\/www.balestrieriassisi.it\/?page_id=14\" aria-label=\"Per saperne di pi\u00f9 su Palio di San Rufino\">Leggi tutto<\/a><\/p>\n","protected":false},"author":1,"featured_media":0,"parent":0,"menu_order":4,"comment_status":"open","ping_status":"closed","template":"","meta":{"ngg_post_thumbnail":0,"footnotes":""},"class_list":["post-14","page","type-page","status-publish"],"_links":{"self":[{"href":"https:\/\/www.balestrieriassisi.it\/index.php?rest_route=\/wp\/v2\/pages\/14","targetHints":{"allow":["GET"]}}],"collection":[{"href":"https:\/\/www.balestrieriassisi.it\/index.php?rest_route=\/wp\/v2\/pages"}],"about":[{"href":"https:\/\/www.balestrieriassisi.it\/index.php?rest_route=\/wp\/v2\/types\/page"}],"author":[{"embeddable":true,"href":"https:\/\/www.balestrieriassisi.it\/index.php?rest_route=\/wp\/v2\/users\/1"}],"replies":[{"embeddable":true,"href":"https:\/\/www.balestrieriassisi.it\/index.php?rest_route=%2Fwp%2Fv2%2Fcomments&post=14"}],"version-history":[{"count":16,"href":"https:\/\/www.balestrieriassisi.it\/index.php?rest_route=\/wp\/v2\/pages\/14\/revisions"}],"predecessor-version":[{"id":4452,"href":"https:\/\/www.balestrieriassisi.it\/index.php?rest_route=\/wp\/v2\/pages\/14\/revisions\/4452"}],"wp:attachment":[{"href":"https:\/\/www.balestrieriassisi.it\/index.php?rest_route=%2Fwp%2Fv2%2Fmedia&parent=14"}],"curies":[{"name":"wp","href":"https:\/\/api.w.org\/{rel}","templated":true}]}}